{"id":3089,"date":"2025-07-25T19:59:02","date_gmt":"2025-07-25T19:59:02","guid":{"rendered":"https:\/\/azylo.ch\/?page_id=3089"},"modified":"2026-04-10T18:46:16","modified_gmt":"2026-04-10T18:46:16","slug":"lmde","status":"publish","type":"page","link":"https:\/\/azylo.ch\/fr\/","title":{"rendered":"LMDE"},"content":{"rendered":"<div data-elementor-type=\"wp-page\" data-elementor-id=\"3089\" class=\"elementor elementor-3089\">\n\t\t\t\t<div class=\"elementor-element elementor-element-c9397a0 e-flex e-con-boxed e-con e-parent\" data-id=\"c9397a0\" data-element_type=\"container\" data-e-type=\"container\">\n\t\t\t\t\t<div class=\"e-con-inner\">\n\t\t<div class=\"elementor-element elementor-element-3f87cd6 e-con-full e-flex e-con e-child\" data-id=\"3f87cd6\" data-element_type=\"container\" data-e-type=\"container\">\n\t\t\t\t<div class=\"elementor-element elementor-element-5fe9889 elementor-widget elementor-widget-heading\" data-id=\"5fe9889\" data-element_type=\"widget\" data-e-type=\"widget\" data-widget_type=\"heading.default\">\n\t\t\t\t<div class=\"elementor-widget-container\">\n\t\t\t\t\t<h1 class=\"elementor-heading-title elementor-size-default\">LES<\/h1>\t\t\t\t<\/div>\n\t\t\t\t<\/div>\n\t\t\t\t<div class=\"elementor-element elementor-element-76453b1 elementor-widget elementor-widget-heading\" data-id=\"76453b1\" data-element_type=\"widget\" data-e-type=\"widget\" data-widget_type=\"heading.default\">\n\t\t\t\t<div class=\"elementor-widget-container\">\n\t\t\t\t\t<h1 class=\"elementor-heading-title elementor-size-default\">MAU<\/h1>\t\t\t\t<\/div>\n\t\t\t\t<\/div>\n\t\t\t\t<div class=\"elementor-element elementor-element-905b3e4 elementor-widget elementor-widget-heading\" data-id=\"905b3e4\" data-element_type=\"widget\" data-e-type=\"widget\" data-widget_type=\"heading.default\">\n\t\t\t\t<div class=\"elementor-widget-container\">\n\t\t\t\t\t<h1 class=\"elementor-heading-title elementor-size-default\">DAL<\/h1>\t\t\t\t<\/div>\n\t\t\t\t<\/div>\n\t\t\t\t<div class=\"elementor-element elementor-element-1759a8b elementor-widget elementor-widget-heading\" data-id=\"1759a8b\" data-element_type=\"widget\" data-e-type=\"widget\" data-widget_type=\"heading.default\">\n\t\t\t\t<div class=\"elementor-widget-container\">\n\t\t\t\t\t<h1 class=\"elementor-heading-title elementor-size-default\">EAU<\/h1>\t\t\t\t<\/div>\n\t\t\t\t<\/div>\n\t\t\t\t<\/div>\n\t\t<div class=\"elementor-element elementor-element-e2b34d0 e-con-full e-flex e-con e-child\" data-id=\"e2b34d0\" data-element_type=\"container\" data-e-type=\"container\">\n\t\t\t\t<div class=\"elementor-element elementor-element-48db25c elementor-widget__width-inherit elementor-widget elementor-widget-image\" data-id=\"48db25c\" data-element_type=\"widget\" data-e-type=\"widget\" data-widget_type=\"image.default\">\n\t\t\t\t<div class=\"elementor-widget-container\">\n\t\t\t\t\t\t\t\t\t\t\t\t\t\t\t<img fetchpriority=\"high\" decoding=\"async\" width=\"720\" height=\"720\" src=\"https:\/\/azylo.ch\/wp-content\/uploads\/2025\/08\/LogoFast.gif\" class=\"attachment-large size-large wp-image-3260\" alt=\"\" \/>\t\t\t\t\t\t\t\t\t\t\t\t\t\t\t<\/div>\n\t\t\t\t<\/div>\n\t\t\t\t<\/div>\n\t\t<div class=\"elementor-element elementor-element-d84105e e-con-full e-flex e-con e-child\" data-id=\"d84105e\" data-element_type=\"container\" data-e-type=\"container\">\n\t\t\t\t<div class=\"elementor-element elementor-element-6cb7e3c elementor-widget elementor-widget-image\" data-id=\"6cb7e3c\" data-element_type=\"widget\" data-e-type=\"widget\" data-widget_type=\"image.default\">\n\t\t\t\t<div class=\"elementor-widget-container\">\n\t\t\t\t\t\t\t\t\t\t\t\t\t\t\t<img decoding=\"async\" width=\"1580\" height=\"2524\" src=\"https:\/\/azylo.ch\/wp-content\/uploads\/2016\/02\/Back@10x.png\" class=\"attachment-full size-full wp-image-2683\" alt=\"\" srcset=\"https:\/\/azylo.ch\/wp-content\/uploads\/2016\/02\/Back@10x.png 1580w, https:\/\/azylo.ch\/wp-content\/uploads\/2016\/02\/Back@10x-188x300.png 188w, https:\/\/azylo.ch\/wp-content\/uploads\/2016\/02\/Back@10x-641x1024.png 641w, https:\/\/azylo.ch\/wp-content\/uploads\/2016\/02\/Back@10x-768x1227.png 768w, https:\/\/azylo.ch\/wp-content\/uploads\/2016\/02\/Back@10x-962x1536.png 962w, https:\/\/azylo.ch\/wp-content\/uploads\/2016\/02\/Back@10x-1282x2048.png 1282w, https:\/\/azylo.ch\/wp-content\/uploads\/2016\/02\/Back@10x-350x559.png 350w, https:\/\/azylo.ch\/wp-content\/uploads\/2016\/02\/Back@10x-680x1086.png 680w\" sizes=\"(max-width: 1580px) 100vw, 1580px\" \/>\t\t\t\t\t\t\t\t\t\t\t\t\t\t\t<\/div>\n\t\t\t\t<\/div>\n\t\t\t\t<\/div>\n\t\t\t\t\t<\/div>\n\t\t\t\t<\/div>\n\t\t<div class=\"elementor-element elementor-element-75ad806 e-flex e-con-boxed e-con e-parent\" data-id=\"75ad806\" data-element_type=\"container\" data-e-type=\"container\">\n\t\t\t\t\t<div class=\"e-con-inner\">\n\t\t\t\t<div class=\"elementor-element elementor-element-6b7d67c elementor-widget elementor-widget-heading\" data-id=\"6b7d67c\" data-element_type=\"widget\" data-e-type=\"widget\" data-widget_type=\"heading.default\">\n\t\t\t\t<div class=\"elementor-widget-container\">\n\t\t\t\t\t<h2 class=\"elementor-heading-title elementor-size-default\">C'est quoi un Modalo ?<\/h2>\t\t\t\t<\/div>\n\t\t\t\t<\/div>\n\t\t\t\t<div class=\"elementor-element elementor-element-cdbd5b3 elementor-widget elementor-widget-heading\" data-id=\"cdbd5b3\" data-element_type=\"widget\" data-e-type=\"widget\" data-widget_type=\"heading.default\">\n\t\t\t\t<div class=\"elementor-widget-container\">\n\t\t\t\t\t<h4 class=\"elementor-heading-title elementor-size-default\">Un Modalo est une figure inspir\u00e9e d'un proverbe ou d'une citation.<\/h4>\t\t\t\t<\/div>\n\t\t\t\t<\/div>\n\t\t\t\t<div class=\"elementor-element elementor-element-bb28340 elementor-widget__width-initial elementor-arrows-position-inside elementor-pagination-position-outside elementor-widget elementor-widget-image-carousel\" data-id=\"bb28340\" data-element_type=\"widget\" data-e-type=\"widget\" data-settings=\"{&quot;slides_to_show&quot;:&quot;3&quot;,&quot;image_spacing_custom&quot;:{&quot;unit&quot;:&quot;px&quot;,&quot;size&quot;:29,&quot;sizes&quot;:[]},&quot;image_spacing_custom_mobile&quot;:{&quot;unit&quot;:&quot;px&quot;,&quot;size&quot;:41,&quot;sizes&quot;:[]},&quot;navigation&quot;:&quot;both&quot;,&quot;infinite&quot;:&quot;yes&quot;,&quot;speed&quot;:500,&quot;image_spacing_custom_tablet&quot;:{&quot;unit&quot;:&quot;px&quot;,&quot;size&quot;:&quot;&quot;,&quot;sizes&quot;:[]}}\" data-widget_type=\"image-carousel.default\">\n\t\t\t\t<div class=\"elementor-widget-container\">\n\t\t\t\t\t\t\t<div class=\"elementor-image-carousel-wrapper swiper\" role=\"region\" aria-roledescription=\"carousel\" aria-label=\"Image Carousel\" dir=\"ltr\">\n\t\t\t<div class=\"elementor-image-carousel swiper-wrapper\" aria-live=\"polite\">\n\t\t\t\t\t\t\t\t<div class=\"swiper-slide\" role=\"group\" aria-roledescription=\"slide\" aria-label=\"1 of 11\"><figure class=\"swiper-slide-inner\"><img decoding=\"async\" class=\"swiper-slide-image\" src=\"https:\/\/azylo.ch\/wp-content\/uploads\/2025\/08\/TheHighJackerCard.png\" alt=\"The High Jacker\" \/><figcaption class=\"elementor-image-carousel-caption\">The High Jacker<\/figcaption><\/figure><\/div><div class=\"swiper-slide\" role=\"group\" aria-roledescription=\"slide\" aria-label=\"2 of 11\"><figure class=\"swiper-slide-inner\"><img decoding=\"async\" class=\"swiper-slide-image\" src=\"https:\/\/azylo.ch\/wp-content\/uploads\/2025\/08\/TheBambooRiderCard.png\" alt=\"The Bamboo Rider\" \/><figcaption class=\"elementor-image-carousel-caption\">The Bamboo Rider<\/figcaption><\/figure><\/div><div class=\"swiper-slide\" role=\"group\" aria-roledescription=\"slide\" aria-label=\"3 of 11\"><figure class=\"swiper-slide-inner\"><img decoding=\"async\" class=\"swiper-slide-image\" src=\"https:\/\/azylo.ch\/wp-content\/uploads\/2025\/08\/TheLaffyFoolCard.png\" alt=\"The Laffy Fool\" \/><figcaption class=\"elementor-image-carousel-caption\">The Laffy Fool<\/figcaption><\/figure><\/div><div class=\"swiper-slide\" role=\"group\" aria-roledescription=\"slide\" aria-label=\"4 of 11\"><figure class=\"swiper-slide-inner\"><img decoding=\"async\" class=\"swiper-slide-image\" src=\"http:\/\/azylo.ch\/wp-content\/uploads\/2025\/08\/TheChantyParrotCard-1.png\" alt=\"\" \/><\/figure><\/div><div class=\"swiper-slide\" role=\"group\" aria-roledescription=\"slide\" aria-label=\"5 of 11\"><figure class=\"swiper-slide-inner\"><img decoding=\"async\" class=\"swiper-slide-image\" src=\"http:\/\/azylo.ch\/wp-content\/uploads\/2025\/08\/TheGardenRastaCard-1.png\" alt=\"\" \/><\/figure><\/div><div class=\"swiper-slide\" role=\"group\" aria-roledescription=\"slide\" aria-label=\"6 of 11\"><figure class=\"swiper-slide-inner\"><img decoding=\"async\" class=\"swiper-slide-image\" src=\"https:\/\/azylo.ch\/wp-content\/uploads\/2025\/08\/TheDiscoFingersCard.png\" alt=\"The Disco Fingers\" \/><figcaption class=\"elementor-image-carousel-caption\">The Disco Fingers<\/figcaption><\/figure><\/div><div class=\"swiper-slide\" role=\"group\" aria-roledescription=\"slide\" aria-label=\"7 of 11\"><figure class=\"swiper-slide-inner\"><img decoding=\"async\" class=\"swiper-slide-image\" src=\"https:\/\/azylo.ch\/wp-content\/uploads\/2025\/08\/TheIllusionSnakeCard.png\" alt=\"The Illusion Snake\" \/><figcaption class=\"elementor-image-carousel-caption\">The Illusion Snake<\/figcaption><\/figure><\/div><div class=\"swiper-slide\" role=\"group\" aria-roledescription=\"slide\" aria-label=\"8 of 11\"><figure class=\"swiper-slide-inner\"><img decoding=\"async\" class=\"swiper-slide-image\" src=\"https:\/\/azylo.ch\/wp-content\/uploads\/2025\/08\/TheNoselessNunCard.png\" alt=\"The Noseless Sister\" \/><figcaption class=\"elementor-image-carousel-caption\">The Noseless Sister<\/figcaption><\/figure><\/div><div class=\"swiper-slide\" role=\"group\" aria-roledescription=\"slide\" aria-label=\"9 of 11\"><figure class=\"swiper-slide-inner\"><img decoding=\"async\" class=\"swiper-slide-image\" src=\"https:\/\/azylo.ch\/wp-content\/uploads\/2025\/08\/TheLovelyFlowersCard.png\" alt=\"The Gentle Flowers\" \/><figcaption class=\"elementor-image-carousel-caption\">The Gentle Flowers<\/figcaption><\/figure><\/div><div class=\"swiper-slide\" role=\"group\" aria-roledescription=\"slide\" aria-label=\"10 of 11\"><figure class=\"swiper-slide-inner\"><img decoding=\"async\" class=\"swiper-slide-image\" src=\"https:\/\/azylo.ch\/wp-content\/uploads\/2025\/08\/TheShoeMakerCard.png\" alt=\"The Spiky Shoe\" \/><figcaption class=\"elementor-image-carousel-caption\">The Spiky Shoe<\/figcaption><\/figure><\/div><div class=\"swiper-slide\" role=\"group\" aria-roledescription=\"slide\" aria-label=\"11 of 11\"><figure class=\"swiper-slide-inner\"><img decoding=\"async\" class=\"swiper-slide-image\" src=\"https:\/\/azylo.ch\/wp-content\/uploads\/2025\/08\/TheSexyPigCard.png\" alt=\"The Sexy Pig\" \/><figcaption class=\"elementor-image-carousel-caption\">The Sexy Pig<\/figcaption><\/figure><\/div>\t\t\t<\/div>\n\t\t\t\t\t\t\t\t\t\t\t\t<div class=\"elementor-swiper-button elementor-swiper-button-prev\" role=\"button\" tabindex=\"0\">\n\t\t\t\t\t\t<svg aria-hidden=\"true\" class=\"e-font-icon-svg e-eicon-chevron-left\" viewbox=\"0 0 1000 1000\" xmlns=\"http:\/\/www.w3.org\/2000\/svg\"><path d=\"M646 125C629 125 613 133 604 142L308 442C296 454 292 471 292 487 292 504 296 521 308 533L604 854C617 867 629 875 646 875 663 875 679 871 692 858 704 846 713 829 713 812 713 796 708 779 692 767L438 487 692 225C700 217 708 204 708 187 708 171 704 154 692 142 675 129 663 125 646 125Z\"><\/path><\/svg>\t\t\t\t\t<\/div>\n\t\t\t\t\t<div class=\"elementor-swiper-button elementor-swiper-button-next\" role=\"button\" tabindex=\"0\">\n\t\t\t\t\t\t<svg aria-hidden=\"true\" class=\"e-font-icon-svg e-eicon-chevron-right\" viewbox=\"0 0 1000 1000\" xmlns=\"http:\/\/www.w3.org\/2000\/svg\"><path d=\"M696 533C708 521 713 504 713 487 713 471 708 454 696 446L400 146C388 133 375 125 354 125 338 125 325 129 313 142 300 154 292 171 292 187 292 204 296 221 308 233L563 492 304 771C292 783 288 800 288 817 288 833 296 850 308 863 321 871 338 875 354 875 371 875 388 867 400 854L696 533Z\"><\/path><\/svg>\t\t\t\t\t<\/div>\n\t\t\t\t\n\t\t\t\t\t\t\t\t\t<div class=\"swiper-pagination\"><\/div>\n\t\t\t\t\t\t\t\t\t<\/div>\n\t\t\t\t\t\t<\/div>\n\t\t\t\t<\/div>\n\t\t\t\t\t<\/div>\n\t\t\t\t<\/div>\n\t\t<div class=\"elementor-element elementor-element-4db6ecc e-flex e-con-boxed e-con e-parent\" data-id=\"4db6ecc\" data-element_type=\"container\" data-e-type=\"container\">\n\t\t\t\t\t<div class=\"e-con-inner\">\n\t\t<div class=\"elementor-element elementor-element-1927d78 e-con-full e-flex e-con e-child\" data-id=\"1927d78\" data-element_type=\"container\" data-e-type=\"container\">\n\t\t<div class=\"elementor-element elementor-element-76057d5 e-con-full e-flex e-con e-child\" data-id=\"76057d5\" data-element_type=\"container\" data-e-type=\"container\">\n\t\t\t\t<div class=\"elementor-element elementor-element-2d67416 elementor-widget elementor-widget-heading\" data-id=\"2d67416\" data-element_type=\"widget\" data-e-type=\"widget\" data-widget_type=\"heading.default\">\n\t\t\t\t<div class=\"elementor-widget-container\">\n\t\t\t\t\t<h5 class=\"elementor-heading-title elementor-size-default\">Une fois rassembl\u00e9s, ces Modalos r\u00e9v\u00e8lent l'aventure de Kiddo, un curieux gar\u00e7on qui s'\u00e9tait transform\u00e9 en boules de glace apr\u00e8s une overdose de sucre.<\/h5>\t\t\t\t<\/div>\n\t\t\t\t<\/div>\n\t\t\t\t<div class=\"elementor-element elementor-element-0ec05ba elementor-widget elementor-widget-image\" data-id=\"0ec05ba\" data-element_type=\"widget\" data-e-type=\"widget\" data-widget_type=\"image.default\">\n\t\t\t\t<div class=\"elementor-widget-container\">\n\t\t\t\t\t\t\t\t\t\t\t\t\t\t\t<img decoding=\"async\" width=\"582\" height=\"875\" src=\"https:\/\/azylo.ch\/wp-content\/uploads\/2025\/11\/0.TheIceKidSticker@5x.png\" class=\"attachment-full size-full wp-image-3401\" alt=\"\" srcset=\"https:\/\/azylo.ch\/wp-content\/uploads\/2025\/11\/0.TheIceKidSticker@5x.png 582w, https:\/\/azylo.ch\/wp-content\/uploads\/2025\/11\/0.TheIceKidSticker@5x-200x300.png 200w, https:\/\/azylo.ch\/wp-content\/uploads\/2025\/11\/0.TheIceKidSticker@5x-350x526.png 350w\" sizes=\"(max-width: 582px) 100vw, 582px\" \/>\t\t\t\t\t\t\t\t\t\t\t\t\t\t\t<\/div>\n\t\t\t\t<\/div>\n\t\t\t\t<\/div>\n\t\t<div class=\"elementor-element elementor-element-bae10e7 e-con-full e-flex e-con e-child\" data-id=\"bae10e7\" data-element_type=\"container\" data-e-type=\"container\">\n\t\t\t\t<div class=\"elementor-element elementor-element-8d11f99 elementor-widget__width-initial elementor-widget elementor-widget-heading\" data-id=\"8d11f99\" data-element_type=\"widget\" data-e-type=\"widget\" data-widget_type=\"heading.default\">\n\t\t\t\t<div class=\"elementor-widget-container\">\n\t\t\t\t\t<h5 class=\"elementor-heading-title elementor-size-default\">Un jour, Kiddo vit son destin basculer lorsqu'il croisa le regard cristallin d'une Sir\u00e8ne-papillon...<br \/><br>\nEn essayant de la suivre, il fut entrain\u00e9 dans un dr\u00f4le de monde habit\u00e9 par 64 Gardiens, chacun porteur d'une pr\u00e9cieuse go\u00fbte de connaissance...<br \/><br \/>\nRetrouve tous les Modalos pour compl\u00e9ter le livre \u00e0 collectionner et d\u00e9bloquer un tr\u00e9sor secret !\n<br \/><\/h5>\t\t\t\t<\/div>\n\t\t\t\t<\/div>\n\t\t\t\t<div class=\"elementor-element elementor-element-85b9744 elementor-widget__width-initial elementor-widget elementor-widget-image\" data-id=\"85b9744\" data-element_type=\"widget\" data-e-type=\"widget\" data-widget_type=\"image.default\">\n\t\t\t\t<div class=\"elementor-widget-container\">\n\t\t\t\t\t\t\t\t\t\t\t\t\t\t\t<img loading=\"lazy\" decoding=\"async\" width=\"724\" height=\"1024\" src=\"https:\/\/azylo.ch\/wp-content\/uploads\/2025\/08\/StickersEx-724x1024.png\" class=\"attachment-large size-large wp-image-3239\" alt=\"\" srcset=\"https:\/\/azylo.ch\/wp-content\/uploads\/2025\/08\/StickersEx-724x1024.png 724w, https:\/\/azylo.ch\/wp-content\/uploads\/2025\/08\/StickersEx-212x300.png 212w, https:\/\/azylo.ch\/wp-content\/uploads\/2025\/08\/StickersEx-768x1086.png 768w, https:\/\/azylo.ch\/wp-content\/uploads\/2025\/08\/StickersEx-1086x1536.png 1086w, https:\/\/azylo.ch\/wp-content\/uploads\/2025\/08\/StickersEx-350x495.png 350w, https:\/\/azylo.ch\/wp-content\/uploads\/2025\/08\/StickersEx-680x962.png 680w, https:\/\/azylo.ch\/wp-content\/uploads\/2025\/08\/StickersEx.png 1414w\" sizes=\"(max-width: 724px) 100vw, 724px\" \/>\t\t\t\t\t\t\t\t\t\t\t\t\t\t\t<\/div>\n\t\t\t\t<\/div>\n\t\t\t\t<\/div>\n\t\t\t\t<div class=\"elementor-element elementor-element-5e0ca04 elementor-align-center elementor-widget elementor-widget-button\" data-id=\"5e0ca04\" data-element_type=\"widget\" data-e-type=\"widget\" data-widget_type=\"button.default\">\n\t\t\t\t<div class=\"elementor-widget-container\">\n\t\t\t\t\t\t\t\t\t<div class=\"elementor-button-wrapper\">\n\t\t\t\t\t<a class=\"elementor-button elementor-button-link elementor-size-sm\" href=\"https:\/\/azylo.ch\/fr\/product\/collectible-sticker-book\/\">\n\t\t\t\t\t\t<span class=\"elementor-button-content-wrapper\">\n\t\t\t\t\t\t\t\t\t<span class=\"elementor-button-text\">Acheter le livre<\/span>\n\t\t\t\t\t<\/span>\n\t\t\t\t\t<\/a>\n\t\t\t\t<\/div>\n\t\t\t\t\t\t\t\t<\/div>\n\t\t\t\t<\/div>\n\t\t\t\t<div class=\"elementor-element elementor-element-45d1aa0 elementor-widget__width-inherit elementor-widget elementor-widget-image\" data-id=\"45d1aa0\" data-element_type=\"widget\" data-e-type=\"widget\" data-widget_type=\"image.default\">\n\t\t\t\t<div class=\"elementor-widget-container\">\n\t\t\t\t\t\t\t\t\t\t\t\t\t\t\t<img loading=\"lazy\" decoding=\"async\" width=\"1024\" height=\"724\" src=\"https:\/\/azylo.ch\/wp-content\/uploads\/2026\/03\/Prints-1024x724.png\" class=\"attachment-large size-large wp-image-4404\" alt=\"\" srcset=\"https:\/\/azylo.ch\/wp-content\/uploads\/2026\/03\/Prints-1024x724.png 1024w, https:\/\/azylo.ch\/wp-content\/uploads\/2026\/03\/Prints-300x212.png 300w, https:\/\/azylo.ch\/wp-content\/uploads\/2026\/03\/Prints-768x543.png 768w, https:\/\/azylo.ch\/wp-content\/uploads\/2026\/03\/Prints-1536x1086.png 1536w, https:\/\/azylo.ch\/wp-content\/uploads\/2026\/03\/Prints-350x247.png 350w, https:\/\/azylo.ch\/wp-content\/uploads\/2026\/03\/Prints-680x481.png 680w, https:\/\/azylo.ch\/wp-content\/uploads\/2026\/03\/Prints.png 2000w\" sizes=\"(max-width: 1024px) 100vw, 1024px\" \/>\t\t\t\t\t\t\t\t\t\t\t\t\t\t\t<\/div>\n\t\t\t\t<\/div>\n\t\t\t\t<div class=\"elementor-element elementor-element-eabd9a0 elementor-widget elementor-widget-image\" data-id=\"eabd9a0\" data-element_type=\"widget\" data-e-type=\"widget\" data-widget_type=\"image.default\">\n\t\t\t\t<div class=\"elementor-widget-container\">\n\t\t\t\t\t\t\t\t\t\t\t\t\t\t\t<img loading=\"lazy\" decoding=\"async\" width=\"1648\" height=\"2560\" src=\"https:\/\/azylo.ch\/wp-content\/uploads\/2026\/03\/DragonSiteClouds@8x-scaled.png\" class=\"attachment-full size-full wp-image-4420\" alt=\"\" srcset=\"https:\/\/azylo.ch\/wp-content\/uploads\/2026\/03\/DragonSiteClouds@8x-scaled.png 1648w, https:\/\/azylo.ch\/wp-content\/uploads\/2026\/03\/DragonSiteClouds@8x-193x300.png 193w, https:\/\/azylo.ch\/wp-content\/uploads\/2026\/03\/DragonSiteClouds@8x-659x1024.png 659w, https:\/\/azylo.ch\/wp-content\/uploads\/2026\/03\/DragonSiteClouds@8x-768x1193.png 768w, https:\/\/azylo.ch\/wp-content\/uploads\/2026\/03\/DragonSiteClouds@8x-989x1536.png 989w, https:\/\/azylo.ch\/wp-content\/uploads\/2026\/03\/DragonSiteClouds@8x-1318x2048.png 1318w, https:\/\/azylo.ch\/wp-content\/uploads\/2026\/03\/DragonSiteClouds@8x-350x544.png 350w, https:\/\/azylo.ch\/wp-content\/uploads\/2026\/03\/DragonSiteClouds@8x-680x1057.png 680w\" sizes=\"(max-width: 1648px) 100vw, 1648px\" \/>\t\t\t\t\t\t\t\t\t\t\t\t\t\t\t<\/div>\n\t\t\t\t<\/div>\n\t\t\t\t<div class=\"elementor-element elementor-element-105849e elementor-widget elementor-widget-heading\" data-id=\"105849e\" data-element_type=\"widget\" data-e-type=\"widget\" data-widget_type=\"heading.default\">\n\t\t\t\t<div class=\"elementor-widget-container\">\n\t\t\t\t\t<h1 class=\"elementor-heading-title elementor-size-default\">How it all begun<\/h1>\t\t\t\t<\/div>\n\t\t\t\t<\/div>\n\t\t\t\t<div class=\"elementor-element elementor-element-9793707 elementor-widget elementor-widget-heading\" data-id=\"9793707\" data-element_type=\"widget\" data-e-type=\"widget\" data-widget_type=\"heading.default\">\n\t\t\t\t<div class=\"elementor-widget-container\">\n\t\t\t\t\t<h5 class=\"elementor-heading-title elementor-size-default\">In the summer of 2023, as I prepared to leave for an extended stay abroad, I hand-drew a set of small cards, each inspired by quotes I loved, and gave them to my girlfriend the day I left. The number of cards matched the days we\u2019d be apart, so she could draw one each day until we were reunited.\n<\/br><br \/>\n\nWhen I returned, I shared the cards with my friends\u2014and they loved them. Their enthusiasm encouraged me to take this project a bit further: I began digitizing the drawings with Illustrator and imagining a world and a story around them. That\u2019s how the adventure of Kiddo was born.<\/h5>\t\t\t\t<\/div>\n\t\t\t\t<\/div>\n\t\t\t\t<\/div>\n\t\t\t\t\t<\/div>\n\t\t\t\t<\/div>\n\t\t\t\t<\/div>","protected":false},"excerpt":{"rendered":"<p>LES MAU DAL EAU What is a Modalo ? A Modalo is a figure inspired by a proverb or quote. The High Jacker The Bamboo Rider The Laffy Fool The Disco Fingers The Illusion Snake The Noseless Sister The Gentle Flowers The Spiky Shoe The Sexy Pig Once gathered, these Modalos reveal the adventure of &hellip;<\/p>","protected":false},"author":1,"featured_media":0,"parent":0,"menu_order":0,"comment_status":"closed","ping_status":"closed","template":"","meta":{"footnotes":""},"class_list":["post-3089","page","type-page","status-publish","hentry"],"jetpack_sharing_enabled":true,"_links":{"self":[{"href":"https:\/\/azylo.ch\/fr\/wp-json\/wp\/v2\/pages\/3089","targetHints":{"allow":["GET"]}}],"collection":[{"href":"https:\/\/azylo.ch\/fr\/wp-json\/wp\/v2\/pages"}],"about":[{"href":"https:\/\/azylo.ch\/fr\/wp-json\/wp\/v2\/types\/page"}],"author":[{"embeddable":true,"href":"https:\/\/azylo.ch\/fr\/wp-json\/wp\/v2\/users\/1"}],"replies":[{"embeddable":true,"href":"https:\/\/azylo.ch\/fr\/wp-json\/wp\/v2\/comments?post=3089"}],"version-history":[{"count":250,"href":"https:\/\/azylo.ch\/fr\/wp-json\/wp\/v2\/pages\/3089\/revisions"}],"predecessor-version":[{"id":4771,"href":"https:\/\/azylo.ch\/fr\/wp-json\/wp\/v2\/pages\/3089\/revisions\/4771"}],"wp:attachment":[{"href":"https:\/\/azylo.ch\/fr\/wp-json\/wp\/v2\/media?parent=3089"}],"curies":[{"name":"wp","href":"https:\/\/api.w.org\/{rel}","templated":true}]}}