{"id":4702,"date":"2026-04-08T09:47:10","date_gmt":"2026-04-08T09:47:10","guid":{"rendered":"https:\/\/azylo.ch\/?page_id=4702"},"modified":"2026-04-15T12:34:24","modified_gmt":"2026-04-15T12:34:24","slug":"club-merci","status":"publish","type":"page","link":"https:\/\/azylo.ch\/fr\/club-merci\/","title":{"rendered":"Club-merci"},"content":{"rendered":"<div data-elementor-type=\"wp-page\" data-elementor-id=\"4702\" class=\"elementor elementor-4702\">\n\t\t\t\t<div class=\"elementor-element elementor-element-34cbb4a e-flex e-con-boxed e-con e-parent\" data-id=\"34cbb4a\" data-element_type=\"container\" data-e-type=\"container\">\n\t\t\t\t\t<div class=\"e-con-inner\">\n\t\t\t\t<div class=\"elementor-element elementor-element-c9331ff elementor-widget elementor-widget-html\" data-id=\"c9331ff\" data-element_type=\"widget\" data-e-type=\"widget\" data-widget_type=\"html.default\">\n\t\t\t\t<div class=\"elementor-widget-container\">\n\t\t\t\t\t<!-- GOOGLE FONT POPPINS -->\r\n<link href=\"https:\/\/fonts.googleapis.com\/css2?family=Poppins:wght@400;600;700&display=swap\" rel=\"stylesheet\">\r\n\r\n<style>\r\n  :root {\r\n    --bg: #08736d;\r\n    --text: #F6E8AE;\r\n    --card: #0b5f5b;\r\n    --border: #F6E8AE;\r\n    --whatsapp: #25D366;\r\n    --whatsapp-hover: #1ebe5d;\r\n  }\r\n\r\n  body {\r\n    background: var(--bg);\r\n    margin: 0;\r\n    font-family: 'Poppins', sans-serif;\r\n  }\r\n\r\n  .club-container {\r\n    min-height: 100vh;\r\n    display: flex;\r\n    align-items: flex-start;\r\n    padding-top: 80px;\r\n    justify-content: center;\r\n    padding: 20px;\r\n  }\r\n\r\n  .club-card {\r\n    background: var(--card);\r\n    border: 2px solid var(--border);\r\n    border-radius: 24px;\r\n    padding: 40px 28px;\r\n    max-width: 520px;\r\n    text-align: center;\r\n    box-shadow: 0 10px 30px rgba(0,0,0,0.25);\r\n  }\r\n\r\n  .club-title {\r\n    color: var(--text);\r\n    font-size: 28px;\r\n    font-weight: 700;\r\n    text-transform: uppercase;\r\n    margin-bottom: 16px;\r\n  }\r\n\r\n  .club-text {\r\n    color: var(--text);\r\n    font-size: 16px;\r\n    line-height: 1.6;\r\n    margin-bottom: 28px;\r\n  }\r\n\r\n  .whatsapp-button {\r\n    display: inline-block;\r\n    background: var(--whatsapp);\r\n    color: white;\r\n    padding: 16px 26px;\r\n    border-radius: 999px;\r\n    font-weight: 600;\r\n    text-decoration: none;\r\n    font-size: 16px;\r\n    box-shadow: 0 6px 18px rgba(0,0,0,0.25);\r\n    transition: all 0.2s ease;\r\n  }\r\n\r\n  .whatsapp-button:hover {\r\n    background: var(--whatsapp-hover);\r\n    transform: translateY(-2px);\r\n  }\r\n\r\n  .club-footer {\r\n    margin-top: 20px;\r\n    color: var(--text);\r\n    font-size: 14px;\r\n    opacity: 0.8;\r\n  }\r\n  .club-container,\r\n    .club-container * {\r\n  font-family: 'Poppins', sans-serif !important;\r\n}\r\n    .club-title,\r\n    .club-title * {\r\n  font-family: 'Poppins', sans-serif !important;\r\n}\r\n<\/style>\r\n\r\n<div class=\"club-container\">\r\n  <div class=\"club-card\">\r\n\r\n    <div class=\"club-title\">\r\n      \ud83c\udf66 Bienvenue dans le club !\r\n    <\/div>\r\n\r\n    <div class=\"club-text\" >\r\n      \ud83d\udc8e Tu fais maintenant partie des collectionneurs officiels.  <br><br>\r\n       \ud83e\udde9 Pour \u00e9changer tes stickers et rencontrer les autres, rejoins le groupe WhatsApp :\r\n    <\/div>\r\n\r\n    <!-- BOUTON WHATSAPP -->\r\n    <a href=\"https:\/\/chat.whatsapp.com\/DuU57wIrAs7681fdag0tkF?mode=gi_t\" target=\"_blank\" class=\"whatsapp-button\" rel=\"noopener\">\r\n      \ud83d\udcac Rejoindre le groupe WhatsApp  \r\n    <\/a>\r\n\r\n    <div class=\"club-footer\">\r\n      Les prochains \u00e9v\u00e9nements arrivent bient\u00f4t \ud83c\udf6c\r\n    <\/div>\r\n\r\n  <\/div>\r\n<\/div>\t\t\t\t<\/div>\n\t\t\t\t<\/div>\n\t\t\t\t\t<\/div>\n\t\t\t\t<\/div>\n\t\t\t\t<\/div>","protected":false},"excerpt":{"rendered":"<p>\ud83c\udf66Welcome to the Club ! \ud83d\udc8e You are now part of the official collectors. \ud83e\udde9 To trade your stickers and meet others, join the WhatsApp group: \ud83d\udcac Join the WhatsApp group Events are coming soon \ud83c\udf6c<\/p>","protected":false},"author":1,"featured_media":0,"parent":0,"menu_order":0,"comment_status":"closed","ping_status":"closed","template":"","meta":{"footnotes":""},"class_list":["post-4702","page","type-page","status-publish","hentry"],"jetpack_sharing_enabled":true,"_links":{"self":[{"href":"https:\/\/azylo.ch\/fr\/wp-json\/wp\/v2\/pages\/4702","targetHints":{"allow":["GET"]}}],"collection":[{"href":"https:\/\/azylo.ch\/fr\/wp-json\/wp\/v2\/pages"}],"about":[{"href":"https:\/\/azylo.ch\/fr\/wp-json\/wp\/v2\/types\/page"}],"author":[{"embeddable":true,"href":"https:\/\/azylo.ch\/fr\/wp-json\/wp\/v2\/users\/1"}],"replies":[{"embeddable":true,"href":"https:\/\/azylo.ch\/fr\/wp-json\/wp\/v2\/comments?post=4702"}],"version-history":[{"count":39,"href":"https:\/\/azylo.ch\/fr\/wp-json\/wp\/v2\/pages\/4702\/revisions"}],"predecessor-version":[{"id":4855,"href":"https:\/\/azylo.ch\/fr\/wp-json\/wp\/v2\/pages\/4702\/revisions\/4855"}],"wp:attachment":[{"href":"https:\/\/azylo.ch\/fr\/wp-json\/wp\/v2\/media?parent=4702"}],"curies":[{"name":"wp","href":"https:\/\/api.w.org\/{rel}","templated":true}]}}