{"id":3493,"date":"2026-01-08T13:01:53","date_gmt":"2026-01-08T13:01:53","guid":{"rendered":"https:\/\/azylo.ch\/?post_type=product&#038;p=3493"},"modified":"2026-04-14T13:32:48","modified_gmt":"2026-04-14T13:32:48","slug":"calendrier-lunaire","status":"publish","type":"product","link":"https:\/\/azylo.ch\/fr\/produit\/calendrier-lunaire\/","title":{"rendered":"Interactiv Moon Calendar"},"content":{"rendered":"","protected":false},"excerpt":{"rendered":"<p>Calendrier ludique et interactif bas\u00e9 sur les 13 pleines lunes de 2026. Ce produit inclut 13 illustrations, 13 pages agenda, 2 socles pour le support, 13 playlists Spotify, 13 appels \u00e0 la cr\u00e9ation po\u00e9tique et 13 exercices de retour \u00e0 Soi.<\/p>\n<p>&nbsp;<\/p>","protected":false},"featured_media":3494,"template":"","meta":[],"product_brand":[],"product_cat":[15],"product_tag":[],"class_list":{"0":"post-3493","1":"product","2":"type-product","3":"status-publish","4":"has-post-thumbnail","6":"product_cat-special","7":"product_shipping_class-package","9":"first","10":"instock","11":"taxable","12":"shipping-taxable","13":"purchasable","14":"product-type-simple"},"supplier_id":null,"supplier_sku":"","barcode":null,"atum_controlled":true,"out_stock_date":null,"out_stock_threshold":null,"inheritable":false,"inbound_stock":0,"stock_on_hold":0,"sold_today":0,"sales_last_days":0,"reserved_stock":0,"customer_returns":0,"warehouse_damage":0,"lost_in_post":0,"other_logs":0,"out_stock_days":0,"lost_sales":0,"has_location":false,"update_date":"2026-04-15T00:04:05","atum_locations":[],"atum_stock_status":"instock","restock_status":false,"low_stock_amount":"","sales_update_date":"2026-04-15T00:04:05","calc_backorders":null,"jetpack_sharing_enabled":true,"_links":{"self":[{"href":"https:\/\/azylo.ch\/fr\/wp-json\/wp\/v2\/product\/3493","targetHints":{"allow":["GET"]}}],"collection":[{"href":"https:\/\/azylo.ch\/fr\/wp-json\/wp\/v2\/product"}],"about":[{"href":"https:\/\/azylo.ch\/fr\/wp-json\/wp\/v2\/types\/product"}],"wp:featuredmedia":[{"embeddable":true,"href":"https:\/\/azylo.ch\/fr\/wp-json\/wp\/v2\/media\/3494"}],"wp:attachment":[{"href":"https:\/\/azylo.ch\/fr\/wp-json\/wp\/v2\/media?parent=3493"}],"wp:term":[{"taxonomy":"product_brand","embeddable":true,"href":"https:\/\/azylo.ch\/fr\/wp-json\/wp\/v2\/product_brand?post=3493"},{"taxonomy":"product_cat","embeddable":true,"href":"https:\/\/azylo.ch\/fr\/wp-json\/wp\/v2\/product_cat?post=3493"},{"taxonomy":"product_tag","embeddable":true,"href":"https:\/\/azylo.ch\/fr\/wp-json\/wp\/v2\/product_tag?post=3493"}],"curies":[{"name":"wp","href":"https:\/\/api.w.org\/{rel}","templated":true}]}}